{"id":2379,"date":"2023-04-17T19:24:07","date_gmt":"2023-04-17T17:24:07","guid":{"rendered":"https:\/\/hbh-prod.com\/a-propos\/"},"modified":"2024-10-30T09:01:24","modified_gmt":"2024-10-30T08:01:24","slug":"a-propos","status":"publish","type":"page","link":"https:\/\/hbh-prod.com\/fr\/a-propos\/","title":{"rendered":"A propos"},"content":{"rendered":"\n<figure class=\"wp-block-image size-full\"><img decoding=\"async\" src=\"https:\/\/hbh-prod.com\/wp-content\/uploads\/2023\/05\/hbh-logo-border.svg\" alt=\"\" class=\"wp-image-149\"\/><\/figure>\n\n<p>Nous sommes une \u00e9quipe internationale sp\u00e9cialis\u00e9e dans la production OOH et DOOH. Nous fournissons des solutions cl\u00e9s en main coordonn\u00e9es \u00e0 l&rsquo;\u00e9chelle mondiale et d\u00e9veloppons des concepts d&rsquo;activation innovants adapt\u00e9s aux objectifs de nos clients. Nos activations publicitaires impactantes inspirent, engagent et connectent les publics. Gr\u00e2ce \u00e0 une ex\u00e9cution op\u00e9rationnelle sans faille, nous assurons \u00e0 nos clients des performances optimales. Rejoignez-nous pour d\u00e9couvrir les nouvelles opportunit\u00e9s offertes par la communication ext\u00e9rieure.    <\/p>\n\n<h3 class=\"wp-block-heading\">Vision<\/h3>\n\n<p>Notre ambition est de r\u00e9volutionner la communication ext\u00e9rieure en proposant des solutions d&rsquo;affichage et de DOOH \u00e0 la pointe de la technologie, respectueuses de l&rsquo;environnement et tr\u00e8s performantes. Nos march\u00e9s cibles englobent des zones \u00e0 fort potentiel dans le paysage mondial de l&rsquo;affichage et du DOOH. <\/p>\n\n<p>Gr\u00e2ce \u00e0 une \u00e9quipe pluridisciplinaire op\u00e9rant \u00e0 l&rsquo;\u00e9chelle internationale, nous g\u00e9rons des op\u00e9rations complexes et coordonn\u00e9es, apportant une valeur ajout\u00e9e ind\u00e9niable \u00e0 nos clients.<\/p>\n\n<h3 class=\"wp-block-heading\">Expertise<\/h3>\n\n<p>Notre \u00e9tude (source : EQAA) r\u00e9v\u00e8le que la publicit\u00e9 ext\u00e9rieure atteint un taux de m\u00e9morisation de 85 % et touche plus de 90 % du public cible en l&rsquo;espace d&rsquo;une semaine en Europe. Nous exploitons les donn\u00e9es pour am\u00e9liorer l&rsquo;efficacit\u00e9 de nos campagnes, stimulant la cr\u00e9ativit\u00e9 pour des exp\u00e9riences publicitaires immersives et sur mesure. Nous aidons nos clients \u00e0 atteindre leurs objectifs de mani\u00e8re authentique, respectueuse de l&rsquo;environnement et efficace.    <a href=\"https:\/\/hbh-prod.com\/services\/\">D\u00c9COUVREZ COMMENT<\/a><\/p>\n\n<h3 class=\"wp-block-heading\">Giving Back<\/h3>\n\n<p>Chez HBH, nous sommes fiers non seulement de fournir des solutions exceptionnelles en mati\u00e8re d&rsquo;affichage et de publicit\u00e9 ext\u00e9rieure, mais aussi de notre engagement dans des projets philanthropiques gr\u00e2ce \u00e0 notre initiative \u00ab\u00a0Giving Back\u00a0\u00bb. Nous pensons que notre succ\u00e8s doit avoir un impact positif sur la soci\u00e9t\u00e9 et l&rsquo;environnement, c&rsquo;est pourquoi HBH s&rsquo;est engag\u00e9 \u00e0 allouer un pourcentage de ses b\u00e9n\u00e9fices pour soutenir des organisations \u00e0 but non lucratif et des ONG qui se consacrent \u00e0 la pr\u00e9servation de nos oc\u00e9ans, telles que The Sea Cleaners, Earth Wake, et Pure Ocean. <\/p>\n\n<p>La pr\u00e9servation de nos oc\u00e9ans est vitale pour la sant\u00e9 de notre plan\u00e8te et joue un r\u00f4le crucial dans l&rsquo;att\u00e9nuation du changement climatique. Les oc\u00e9ans sont indispensables au maintien de l&rsquo;\u00e9quilibre climatique de la Terre, car ils agissent comme un puits de CO2 primaire, absorbant environ 25 % des \u00e9missions de dioxyde de carbone g\u00e9n\u00e9r\u00e9es par les activit\u00e9s humaines. Cette absorption contribue \u00e0 r\u00e9guler les temp\u00e9ratures mondiales et emp\u00eache l&rsquo;accumulation excessive de gaz \u00e0 effet de serre dans l&rsquo;atmosph\u00e8re.  <\/p>\n\n<p>Outre leur r\u00f4le de r\u00e9gulation du climat, les oc\u00e9ans abritent une myriade d&rsquo;esp\u00e8ces marines, fournissent de la nourriture \u00e0 des milliards de personnes et soutiennent d&rsquo;innombrables \u00e9cosyst\u00e8mes. En contribuant aux efforts d&rsquo;organisations telles que The Sea Cleaners, Earth Wake et Pure Ocean, nous souhaitons contribuer \u00e0 la protection et \u00e0 la conservation de ces ressources inestimables pour les g\u00e9n\u00e9rations actuelles et futures. <\/p>\n\n<p>HBH s&rsquo;efforce de combiner son succ\u00e8s commercial avec un sens aigu de la responsabilit\u00e9 sociale des entreprises. Gr\u00e2ce \u00e0 notre initiative \u00ab\u00a0Giving Back\u00a0\u00bb, nous aspirons \u00e0 cr\u00e9er un impact positif durable sur notre plan\u00e8te et \u00e0 servir de mod\u00e8le \u00e0 d&rsquo;autres entreprises pour qu&rsquo;elles donnent la priorit\u00e9 au bien-\u00eatre environnemental et social en m\u00eame temps qu&rsquo;\u00e0 la croissance \u00e9conomique. <\/p>\n","protected":false},"excerpt":{"rendered":"<p>Nous sommes une \u00e9quipe internationale sp\u00e9cialis\u00e9e dans la production OOH et DOOH. Nous fournissons des solutions cl\u00e9s en main coordonn\u00e9es \u00e0 l&rsquo;\u00e9chelle mondiale et d\u00e9veloppons des concepts d&rsquo;activation innovants adapt\u00e9s aux objectifs de nos clients. Nos activations publicitaires impactantes inspirent, engagent et connectent les publics. Gr\u00e2ce \u00e0 une ex\u00e9cution op\u00e9rationnelle sans faille, nous assurons \u00e0 [&hellip;]<\/p>\n","protected":false},"author":1,"featured_media":0,"parent":0,"menu_order":0,"comment_status":"closed","ping_status":"closed","template":"","meta":{"footnotes":""},"class_list":["post-2379","page","type-page","status-publish","hentry"],"acf":[],"yoast_head":"<!-- This site is optimized with the Yoast SEO plugin v23.9 - https:\/\/yoast.com\/wordpress\/plugins\/seo\/ -->\n<title>\u00c0 Propos | HBH Prod - Expert M\u00e9dia International<\/title>\n<meta name=\"description\" content=\"D\u00e9couvrez HBH Prod, votre partenaire strat\u00e9gique pour l&#039;expansion de votre marque en Europe. Notre expertise en planification m\u00e9dia et affichage publicitaire garantit votre succ\u00e8s \u00e0 l&#039;international.\" \/>\n<meta name=\"robots\" content=\"index, follow, max-snippet:-1, max-image-preview:large, max-video-preview:-1\" \/>\n<link rel=\"canonical\" href=\"https:\/\/hbh-prod.com\/fr\/a-propos\/\" \/>\n<meta property=\"og:locale\" content=\"fr_FR\" \/>\n<meta property=\"og:type\" content=\"article\" \/>\n<meta property=\"og:title\" content=\"\u00c0 Propos | HBH Prod - Expert M\u00e9dia International\" \/>\n<meta property=\"og:description\" content=\"D\u00e9couvrez HBH Prod, votre partenaire strat\u00e9gique pour l&#039;expansion de votre marque en Europe. Notre expertise en planification m\u00e9dia et affichage publicitaire garantit votre succ\u00e8s \u00e0 l&#039;international.\" \/>\n<meta property=\"og:url\" content=\"https:\/\/hbh-prod.com\/fr\/a-propos\/\" \/>\n<meta property=\"og:site_name\" content=\"HBH - Outdoor communication agency\" \/>\n<meta property=\"article:modified_time\" content=\"2024-10-30T08:01:24+00:00\" \/>\n<meta property=\"og:image\" content=\"https:\/\/hbh-prod.com\/wp-content\/uploads\/2023\/05\/hbh-logo-border.svg\" \/>\n<meta name=\"twitter:card\" content=\"summary_large_image\" \/>\n<meta name=\"twitter:label1\" content=\"Dur\u00e9e de lecture estim\u00e9e\" \/>\n\t<meta name=\"twitter:data1\" content=\"3 minutes\" \/>\n<script type=\"application\/ld+json\" class=\"yoast-schema-graph\">{\"@context\":\"https:\/\/schema.org\",\"@graph\":[{\"@type\":\"WebPage\",\"@id\":\"https:\/\/hbh-prod.com\/fr\/a-propos\/\",\"url\":\"https:\/\/hbh-prod.com\/fr\/a-propos\/\",\"name\":\"\u00c0 Propos | HBH Prod - Expert M\u00e9dia International\",\"isPartOf\":{\"@id\":\"https:\/\/hbh-prod.com\/fr\/#website\"},\"primaryImageOfPage\":{\"@id\":\"https:\/\/hbh-prod.com\/fr\/a-propos\/#primaryimage\"},\"image\":{\"@id\":\"https:\/\/hbh-prod.com\/fr\/a-propos\/#primaryimage\"},\"thumbnailUrl\":\"https:\/\/hbh-prod.com\/wp-content\/uploads\/2023\/05\/hbh-logo-border.svg\",\"datePublished\":\"2023-04-17T17:24:07+00:00\",\"dateModified\":\"2024-10-30T08:01:24+00:00\",\"description\":\"D\u00e9couvrez HBH Prod, votre partenaire strat\u00e9gique pour l'expansion de votre marque en Europe. Notre expertise en planification m\u00e9dia et affichage publicitaire garantit votre succ\u00e8s \u00e0 l'international.\",\"breadcrumb\":{\"@id\":\"https:\/\/hbh-prod.com\/fr\/a-propos\/#breadcrumb\"},\"inLanguage\":\"fr-FR\",\"potentialAction\":[{\"@type\":\"ReadAction\",\"target\":[\"https:\/\/hbh-prod.com\/fr\/a-propos\/\"]}]},{\"@type\":\"ImageObject\",\"inLanguage\":\"fr-FR\",\"@id\":\"https:\/\/hbh-prod.com\/fr\/a-propos\/#primaryimage\",\"url\":\"https:\/\/hbh-prod.com\/wp-content\/uploads\/2023\/05\/hbh-logo-border.svg\",\"contentUrl\":\"https:\/\/hbh-prod.com\/wp-content\/uploads\/2023\/05\/hbh-logo-border.svg\"},{\"@type\":\"BreadcrumbList\",\"@id\":\"https:\/\/hbh-prod.com\/fr\/a-propos\/#breadcrumb\",\"itemListElement\":[{\"@type\":\"ListItem\",\"position\":1,\"name\":\"Accueil\",\"item\":\"https:\/\/hbh-prod.com\/fr\/\"},{\"@type\":\"ListItem\",\"position\":2,\"name\":\"A propos\"}]},{\"@type\":\"WebSite\",\"@id\":\"https:\/\/hbh-prod.com\/fr\/#website\",\"url\":\"https:\/\/hbh-prod.com\/fr\/\",\"name\":\"HBH - Outdoor communication agency\",\"description\":\"\",\"publisher\":{\"@id\":\"https:\/\/hbh-prod.com\/fr\/#organization\"},\"potentialAction\":[{\"@type\":\"SearchAction\",\"target\":{\"@type\":\"EntryPoint\",\"urlTemplate\":\"https:\/\/hbh-prod.com\/fr\/?s={search_term_string}\"},\"query-input\":{\"@type\":\"PropertyValueSpecification\",\"valueRequired\":true,\"valueName\":\"search_term_string\"}}],\"inLanguage\":\"fr-FR\"},{\"@type\":\"Organization\",\"@id\":\"https:\/\/hbh-prod.com\/fr\/#organization\",\"name\":\"HBH - Outdoor communication agency\",\"url\":\"https:\/\/hbh-prod.com\/fr\/\",\"logo\":{\"@type\":\"ImageObject\",\"inLanguage\":\"fr-FR\",\"@id\":\"https:\/\/hbh-prod.com\/fr\/#\/schema\/logo\/image\/\",\"url\":\"https:\/\/heartbrainhands.com\/wp-content\/uploads\/2023\/05\/cropped-hbhicon2-1.png\",\"contentUrl\":\"https:\/\/heartbrainhands.com\/wp-content\/uploads\/2023\/05\/cropped-hbhicon2-1.png\",\"width\":512,\"height\":512,\"caption\":\"HBH - Outdoor communication agency\"},\"image\":{\"@id\":\"https:\/\/hbh-prod.com\/fr\/#\/schema\/logo\/image\/\"}}]}<\/script>\n<!-- \/ Yoast SEO plugin. -->","yoast_head_json":{"title":"\u00c0 Propos | HBH Prod - Expert M\u00e9dia International","description":"D\u00e9couvrez HBH Prod, votre partenaire strat\u00e9gique pour l'expansion de votre marque en Europe. Notre expertise en planification m\u00e9dia et affichage publicitaire garantit votre succ\u00e8s \u00e0 l'international.","robots":{"index":"index","follow":"follow","max-snippet":"max-snippet:-1","max-image-preview":"max-image-preview:large","max-video-preview":"max-video-preview:-1"},"canonical":"https:\/\/hbh-prod.com\/fr\/a-propos\/","og_locale":"fr_FR","og_type":"article","og_title":"\u00c0 Propos | HBH Prod - Expert M\u00e9dia International","og_description":"D\u00e9couvrez HBH Prod, votre partenaire strat\u00e9gique pour l'expansion de votre marque en Europe. Notre expertise en planification m\u00e9dia et affichage publicitaire garantit votre succ\u00e8s \u00e0 l'international.","og_url":"https:\/\/hbh-prod.com\/fr\/a-propos\/","og_site_name":"HBH - Outdoor communication agency","article_modified_time":"2024-10-30T08:01:24+00:00","og_image":[{"url":"https:\/\/hbh-prod.com\/wp-content\/uploads\/2023\/05\/hbh-logo-border.svg"}],"twitter_card":"summary_large_image","twitter_misc":{"Dur\u00e9e de lecture estim\u00e9e":"3 minutes"},"schema":{"@context":"https:\/\/schema.org","@graph":[{"@type":"WebPage","@id":"https:\/\/hbh-prod.com\/fr\/a-propos\/","url":"https:\/\/hbh-prod.com\/fr\/a-propos\/","name":"\u00c0 Propos | HBH Prod - Expert M\u00e9dia International","isPartOf":{"@id":"https:\/\/hbh-prod.com\/fr\/#website"},"primaryImageOfPage":{"@id":"https:\/\/hbh-prod.com\/fr\/a-propos\/#primaryimage"},"image":{"@id":"https:\/\/hbh-prod.com\/fr\/a-propos\/#primaryimage"},"thumbnailUrl":"https:\/\/hbh-prod.com\/wp-content\/uploads\/2023\/05\/hbh-logo-border.svg","datePublished":"2023-04-17T17:24:07+00:00","dateModified":"2024-10-30T08:01:24+00:00","description":"D\u00e9couvrez HBH Prod, votre partenaire strat\u00e9gique pour l'expansion de votre marque en Europe. Notre expertise en planification m\u00e9dia et affichage publicitaire garantit votre succ\u00e8s \u00e0 l'international.","breadcrumb":{"@id":"https:\/\/hbh-prod.com\/fr\/a-propos\/#breadcrumb"},"inLanguage":"fr-FR","potentialAction":[{"@type":"ReadAction","target":["https:\/\/hbh-prod.com\/fr\/a-propos\/"]}]},{"@type":"ImageObject","inLanguage":"fr-FR","@id":"https:\/\/hbh-prod.com\/fr\/a-propos\/#primaryimage","url":"https:\/\/hbh-prod.com\/wp-content\/uploads\/2023\/05\/hbh-logo-border.svg","contentUrl":"https:\/\/hbh-prod.com\/wp-content\/uploads\/2023\/05\/hbh-logo-border.svg"},{"@type":"BreadcrumbList","@id":"https:\/\/hbh-prod.com\/fr\/a-propos\/#breadcrumb","itemListElement":[{"@type":"ListItem","position":1,"name":"Accueil","item":"https:\/\/hbh-prod.com\/fr\/"},{"@type":"ListItem","position":2,"name":"A propos"}]},{"@type":"WebSite","@id":"https:\/\/hbh-prod.com\/fr\/#website","url":"https:\/\/hbh-prod.com\/fr\/","name":"HBH - Outdoor communication agency","description":"","publisher":{"@id":"https:\/\/hbh-prod.com\/fr\/#organization"},"potentialAction":[{"@type":"SearchAction","target":{"@type":"EntryPoint","urlTemplate":"https:\/\/hbh-prod.com\/fr\/?s={search_term_string}"},"query-input":{"@type":"PropertyValueSpecification","valueRequired":true,"valueName":"search_term_string"}}],"inLanguage":"fr-FR"},{"@type":"Organization","@id":"https:\/\/hbh-prod.com\/fr\/#organization","name":"HBH - Outdoor communication agency","url":"https:\/\/hbh-prod.com\/fr\/","logo":{"@type":"ImageObject","inLanguage":"fr-FR","@id":"https:\/\/hbh-prod.com\/fr\/#\/schema\/logo\/image\/","url":"https:\/\/heartbrainhands.com\/wp-content\/uploads\/2023\/05\/cropped-hbhicon2-1.png","contentUrl":"https:\/\/heartbrainhands.com\/wp-content\/uploads\/2023\/05\/cropped-hbhicon2-1.png","width":512,"height":512,"caption":"HBH - Outdoor communication agency"},"image":{"@id":"https:\/\/hbh-prod.com\/fr\/#\/schema\/logo\/image\/"}}]}},"_links":{"self":[{"href":"https:\/\/hbh-prod.com\/fr\/wp-json\/wp\/v2\/pages\/2379","targetHints":{"allow":["GET"]}}],"collection":[{"href":"https:\/\/hbh-prod.com\/fr\/wp-json\/wp\/v2\/pages"}],"about":[{"href":"https:\/\/hbh-prod.com\/fr\/wp-json\/wp\/v2\/types\/page"}],"author":[{"embeddable":true,"href":"https:\/\/hbh-prod.com\/fr\/wp-json\/wp\/v2\/users\/1"}],"replies":[{"embeddable":true,"href":"https:\/\/hbh-prod.com\/fr\/wp-json\/wp\/v2\/comments?post=2379"}],"version-history":[{"count":2,"href":"https:\/\/hbh-prod.com\/fr\/wp-json\/wp\/v2\/pages\/2379\/revisions"}],"predecessor-version":[{"id":2381,"href":"https:\/\/hbh-prod.com\/fr\/wp-json\/wp\/v2\/pages\/2379\/revisions\/2381"}],"wp:attachment":[{"href":"https:\/\/hbh-prod.com\/fr\/wp-json\/wp\/v2\/media?parent=2379"}],"curies":[{"name":"wp","href":"https:\/\/api.w.org\/{rel}","templated":true}]}}