{"id":2387,"date":"2023-04-17T19:24:27","date_gmt":"2023-04-17T17:24:27","guid":{"rendered":"https:\/\/hbh-prod.com\/?page_id=2387"},"modified":"2024-10-30T09:00:25","modified_gmt":"2024-10-30T08:00:25","slug":"services","status":"publish","type":"page","link":"https:\/\/hbh-prod.com\/fr\/services\/","title":{"rendered":"Services"},"content":{"rendered":"\n<figure class=\"wp-block-image size-full\"><img decoding=\"async\" src=\"https:\/\/hbh-prod.com\/wp-content\/uploads\/2023\/05\/hbh-logo-border.svg\" alt=\"\" class=\"wp-image-149\"\/><\/figure>\n\n\n\n<h3 class=\"wp-block-heading\">Services<\/h3>\n\n\n\n<figure class=\"wp-block-table\"><table><tbody><tr><td><strong>EXPERIENCIEL<\/strong><\/td><td><strong>\u041e\u041e\u041d<\/strong><\/td><td><strong>DOOH<\/strong><\/td><td><strong>MEDIA PLANNING<\/strong><\/td><\/tr><tr><td>Design Retail<br>Tourn\u00e9e Promotionnelle<br>Expositions<br>AR \/ VR<br>Installations Immersives<\/td><td>Art Mural<br>Drones<br>Affichage Sauvage<br>\u00c9cran d&rsquo;Eau<br>Mur V\u00e9g\u00e9tal<\/td><td>Projection Vid\u00e9o<br>Mapping Vid\u00e9o<br>Cube LED, \u00c9cran LED<br>Installations<br>Digivans<\/td><td>Conseil Strat\u00e9gique<br>Achat M\u00e9dia<br>Reporting<br>Op\u00e9rations Sp\u00e9ciales<br>Opportunit\u00e9s &amp; Innovations<\/td><\/tr><\/tbody><\/table><\/figure>\n\n\n\n<br\/>\n\n\n\n<p><a href=\"mailto:Project@heartbrainhands.com\" rel=\"noreferrer noopener\" target=\"_blank\"><\/a><a href=\"mailto:Landlord@heartbrainhands.com\" rel=\"noreferrer noopener\" target=\"_blank\"><\/a><\/p>\n\n\n\n<div class=\"contact-row-services hover-reveal\">\n<span class=\"h4\">Besoin de promotion \u00e0 travers l\u2019Europe ?<\/span><br\/>\n<a href=\"mailto:client@heartbrainhands.com\">client@heartbrainhands.com<\/a>\n<\/div>\n<div class=\"contact-row-services hover-reveal\">\n<span class=\"h4\">Vous avez un spot id\u00e9al pour de la publicit\u00e9 ?<\/span><br\/\n><a href=\"mailto:landlord@heartbrainhands.com\">landlord@heartbrainhands.com<\/a>\n<\/div>\n<div class=\"contact-row-services hover-reveal\">\n<span class=\"h4\">Envie de cr\u00e9er avec nous ?<\/span><br\/>\n<a href=\"mailto:join@heartbrainhands.com\">join@heartbrainhands.com<\/a>\n<\/div>\n","protected":false},"excerpt":{"rendered":"<p>Services EXPERIENCIEL \u041e\u041e\u041d DOOH MEDIA PLANNING Design RetailTourn\u00e9e PromotionnelleExpositionsAR \/ VRInstallations Immersives Art MuralDronesAffichage Sauvage\u00c9cran d&rsquo;EauMur V\u00e9g\u00e9tal Projection Vid\u00e9oMapping Vid\u00e9oCube LED, \u00c9cran LEDInstallationsDigivans Conseil Strat\u00e9giqueAchat M\u00e9diaReportingOp\u00e9rations Sp\u00e9cialesOpportunit\u00e9s &amp; Innovations Besoin de promotion \u00e0 travers l\u2019Europe ? client@heartbrainhands.com Vous avez un spot id\u00e9al pour de la publicit\u00e9 ?landlord@heartbrainhands.com Envie de cr\u00e9er avec nous ? join@heartbrainhands.com<\/p>\n","protected":false},"author":1,"featured_media":0,"parent":0,"menu_order":0,"comment_status":"closed","ping_status":"closed","template":"","meta":{"footnotes":""},"class_list":["post-2387","page","type-page","status-publish","hentry"],"acf":[],"yoast_head":"<!-- This site is optimized with the Yoast SEO plugin v23.9 - https:\/\/yoast.com\/wordpress\/plugins\/seo\/ -->\n<title>Services M\u00e9dia &amp; OOH\/DOOH | HBH Prod<\/title>\n<meta name=\"description\" content=\"Expertise en affichage traditionnel et digital, planification m\u00e9dia strat\u00e9gique et n\u00e9gociation d&#039;espaces publicitaires en Europe. Optimisez votre visibilit\u00e9 avec HBH, votre partenaire m\u00e9dia.\" \/>\n<meta name=\"robots\" content=\"index, follow, max-snippet:-1, max-image-preview:large, max-video-preview:-1\" \/>\n<link rel=\"canonical\" href=\"https:\/\/hbh-prod.com\/fr\/services\/\" \/>\n<meta property=\"og:locale\" content=\"fr_FR\" \/>\n<meta property=\"og:type\" content=\"article\" \/>\n<meta property=\"og:title\" content=\"Services M\u00e9dia &amp; OOH\/DOOH | HBH Prod\" \/>\n<meta property=\"og:description\" content=\"Expertise en affichage traditionnel et digital, planification m\u00e9dia strat\u00e9gique et n\u00e9gociation d&#039;espaces publicitaires en Europe. Optimisez votre visibilit\u00e9 avec HBH, votre partenaire m\u00e9dia.\" \/>\n<meta property=\"og:url\" content=\"https:\/\/hbh-prod.com\/fr\/services\/\" \/>\n<meta property=\"og:site_name\" content=\"HBH - Outdoor communication agency\" \/>\n<meta property=\"article:modified_time\" content=\"2024-10-30T08:00:25+00:00\" \/>\n<meta property=\"og:image\" content=\"https:\/\/hbh-prod.com\/wp-content\/uploads\/2023\/05\/hbh-logo-border.svg\" \/>\n<meta name=\"twitter:card\" content=\"summary_large_image\" \/>\n<meta name=\"twitter:label1\" content=\"Dur\u00e9e de lecture estim\u00e9e\" \/>\n\t<meta name=\"twitter:data1\" content=\"1 minute\" \/>\n<script type=\"application\/ld+json\" class=\"yoast-schema-graph\">{\"@context\":\"https:\/\/schema.org\",\"@graph\":[{\"@type\":\"WebPage\",\"@id\":\"https:\/\/hbh-prod.com\/fr\/services\/\",\"url\":\"https:\/\/hbh-prod.com\/fr\/services\/\",\"name\":\"Services M\u00e9dia & OOH\/DOOH | HBH Prod\",\"isPartOf\":{\"@id\":\"https:\/\/hbh-prod.com\/fr\/#website\"},\"primaryImageOfPage\":{\"@id\":\"https:\/\/hbh-prod.com\/fr\/services\/#primaryimage\"},\"image\":{\"@id\":\"https:\/\/hbh-prod.com\/fr\/services\/#primaryimage\"},\"thumbnailUrl\":\"https:\/\/hbh-prod.com\/wp-content\/uploads\/2023\/05\/hbh-logo-border.svg\",\"datePublished\":\"2023-04-17T17:24:27+00:00\",\"dateModified\":\"2024-10-30T08:00:25+00:00\",\"description\":\"Expertise en affichage traditionnel et digital, planification m\u00e9dia strat\u00e9gique et n\u00e9gociation d'espaces publicitaires en Europe. Optimisez votre visibilit\u00e9 avec HBH, votre partenaire m\u00e9dia.\",\"breadcrumb\":{\"@id\":\"https:\/\/hbh-prod.com\/fr\/services\/#breadcrumb\"},\"inLanguage\":\"fr-FR\",\"potentialAction\":[{\"@type\":\"ReadAction\",\"target\":[\"https:\/\/hbh-prod.com\/fr\/services\/\"]}]},{\"@type\":\"ImageObject\",\"inLanguage\":\"fr-FR\",\"@id\":\"https:\/\/hbh-prod.com\/fr\/services\/#primaryimage\",\"url\":\"https:\/\/hbh-prod.com\/wp-content\/uploads\/2023\/05\/hbh-logo-border.svg\",\"contentUrl\":\"https:\/\/hbh-prod.com\/wp-content\/uploads\/2023\/05\/hbh-logo-border.svg\"},{\"@type\":\"BreadcrumbList\",\"@id\":\"https:\/\/hbh-prod.com\/fr\/services\/#breadcrumb\",\"itemListElement\":[{\"@type\":\"ListItem\",\"position\":1,\"name\":\"Accueil\",\"item\":\"https:\/\/hbh-prod.com\/fr\/\"},{\"@type\":\"ListItem\",\"position\":2,\"name\":\"Services\"}]},{\"@type\":\"WebSite\",\"@id\":\"https:\/\/hbh-prod.com\/fr\/#website\",\"url\":\"https:\/\/hbh-prod.com\/fr\/\",\"name\":\"HBH - Outdoor communication agency\",\"description\":\"\",\"publisher\":{\"@id\":\"https:\/\/hbh-prod.com\/fr\/#organization\"},\"potentialAction\":[{\"@type\":\"SearchAction\",\"target\":{\"@type\":\"EntryPoint\",\"urlTemplate\":\"https:\/\/hbh-prod.com\/fr\/?s={search_term_string}\"},\"query-input\":{\"@type\":\"PropertyValueSpecification\",\"valueRequired\":true,\"valueName\":\"search_term_string\"}}],\"inLanguage\":\"fr-FR\"},{\"@type\":\"Organization\",\"@id\":\"https:\/\/hbh-prod.com\/fr\/#organization\",\"name\":\"HBH - Outdoor communication agency\",\"url\":\"https:\/\/hbh-prod.com\/fr\/\",\"logo\":{\"@type\":\"ImageObject\",\"inLanguage\":\"fr-FR\",\"@id\":\"https:\/\/hbh-prod.com\/fr\/#\/schema\/logo\/image\/\",\"url\":\"https:\/\/heartbrainhands.com\/wp-content\/uploads\/2023\/05\/cropped-hbhicon2-1.png\",\"contentUrl\":\"https:\/\/heartbrainhands.com\/wp-content\/uploads\/2023\/05\/cropped-hbhicon2-1.png\",\"width\":512,\"height\":512,\"caption\":\"HBH - Outdoor communication agency\"},\"image\":{\"@id\":\"https:\/\/hbh-prod.com\/fr\/#\/schema\/logo\/image\/\"}}]}<\/script>\n<!-- \/ Yoast SEO plugin. -->","yoast_head_json":{"title":"Services M\u00e9dia & OOH\/DOOH | HBH Prod","description":"Expertise en affichage traditionnel et digital, planification m\u00e9dia strat\u00e9gique et n\u00e9gociation d'espaces publicitaires en Europe. Optimisez votre visibilit\u00e9 avec HBH, votre partenaire m\u00e9dia.","robots":{"index":"index","follow":"follow","max-snippet":"max-snippet:-1","max-image-preview":"max-image-preview:large","max-video-preview":"max-video-preview:-1"},"canonical":"https:\/\/hbh-prod.com\/fr\/services\/","og_locale":"fr_FR","og_type":"article","og_title":"Services M\u00e9dia & OOH\/DOOH | HBH Prod","og_description":"Expertise en affichage traditionnel et digital, planification m\u00e9dia strat\u00e9gique et n\u00e9gociation d'espaces publicitaires en Europe. Optimisez votre visibilit\u00e9 avec HBH, votre partenaire m\u00e9dia.","og_url":"https:\/\/hbh-prod.com\/fr\/services\/","og_site_name":"HBH - Outdoor communication agency","article_modified_time":"2024-10-30T08:00:25+00:00","og_image":[{"url":"https:\/\/hbh-prod.com\/wp-content\/uploads\/2023\/05\/hbh-logo-border.svg"}],"twitter_card":"summary_large_image","twitter_misc":{"Dur\u00e9e de lecture estim\u00e9e":"1 minute"},"schema":{"@context":"https:\/\/schema.org","@graph":[{"@type":"WebPage","@id":"https:\/\/hbh-prod.com\/fr\/services\/","url":"https:\/\/hbh-prod.com\/fr\/services\/","name":"Services M\u00e9dia & OOH\/DOOH | HBH Prod","isPartOf":{"@id":"https:\/\/hbh-prod.com\/fr\/#website"},"primaryImageOfPage":{"@id":"https:\/\/hbh-prod.com\/fr\/services\/#primaryimage"},"image":{"@id":"https:\/\/hbh-prod.com\/fr\/services\/#primaryimage"},"thumbnailUrl":"https:\/\/hbh-prod.com\/wp-content\/uploads\/2023\/05\/hbh-logo-border.svg","datePublished":"2023-04-17T17:24:27+00:00","dateModified":"2024-10-30T08:00:25+00:00","description":"Expertise en affichage traditionnel et digital, planification m\u00e9dia strat\u00e9gique et n\u00e9gociation d'espaces publicitaires en Europe. Optimisez votre visibilit\u00e9 avec HBH, votre partenaire m\u00e9dia.","breadcrumb":{"@id":"https:\/\/hbh-prod.com\/fr\/services\/#breadcrumb"},"inLanguage":"fr-FR","potentialAction":[{"@type":"ReadAction","target":["https:\/\/hbh-prod.com\/fr\/services\/"]}]},{"@type":"ImageObject","inLanguage":"fr-FR","@id":"https:\/\/hbh-prod.com\/fr\/services\/#primaryimage","url":"https:\/\/hbh-prod.com\/wp-content\/uploads\/2023\/05\/hbh-logo-border.svg","contentUrl":"https:\/\/hbh-prod.com\/wp-content\/uploads\/2023\/05\/hbh-logo-border.svg"},{"@type":"BreadcrumbList","@id":"https:\/\/hbh-prod.com\/fr\/services\/#breadcrumb","itemListElement":[{"@type":"ListItem","position":1,"name":"Accueil","item":"https:\/\/hbh-prod.com\/fr\/"},{"@type":"ListItem","position":2,"name":"Services"}]},{"@type":"WebSite","@id":"https:\/\/hbh-prod.com\/fr\/#website","url":"https:\/\/hbh-prod.com\/fr\/","name":"HBH - Outdoor communication agency","description":"","publisher":{"@id":"https:\/\/hbh-prod.com\/fr\/#organization"},"potentialAction":[{"@type":"SearchAction","target":{"@type":"EntryPoint","urlTemplate":"https:\/\/hbh-prod.com\/fr\/?s={search_term_string}"},"query-input":{"@type":"PropertyValueSpecification","valueRequired":true,"valueName":"search_term_string"}}],"inLanguage":"fr-FR"},{"@type":"Organization","@id":"https:\/\/hbh-prod.com\/fr\/#organization","name":"HBH - Outdoor communication agency","url":"https:\/\/hbh-prod.com\/fr\/","logo":{"@type":"ImageObject","inLanguage":"fr-FR","@id":"https:\/\/hbh-prod.com\/fr\/#\/schema\/logo\/image\/","url":"https:\/\/heartbrainhands.com\/wp-content\/uploads\/2023\/05\/cropped-hbhicon2-1.png","contentUrl":"https:\/\/heartbrainhands.com\/wp-content\/uploads\/2023\/05\/cropped-hbhicon2-1.png","width":512,"height":512,"caption":"HBH - Outdoor communication agency"},"image":{"@id":"https:\/\/hbh-prod.com\/fr\/#\/schema\/logo\/image\/"}}]}},"_links":{"self":[{"href":"https:\/\/hbh-prod.com\/fr\/wp-json\/wp\/v2\/pages\/2387","targetHints":{"allow":["GET"]}}],"collection":[{"href":"https:\/\/hbh-prod.com\/fr\/wp-json\/wp\/v2\/pages"}],"about":[{"href":"https:\/\/hbh-prod.com\/fr\/wp-json\/wp\/v2\/types\/page"}],"author":[{"embeddable":true,"href":"https:\/\/hbh-prod.com\/fr\/wp-json\/wp\/v2\/users\/1"}],"replies":[{"embeddable":true,"href":"https:\/\/hbh-prod.com\/fr\/wp-json\/wp\/v2\/comments?post=2387"}],"version-history":[{"count":4,"href":"https:\/\/hbh-prod.com\/fr\/wp-json\/wp\/v2\/pages\/2387\/revisions"}],"predecessor-version":[{"id":2392,"href":"https:\/\/hbh-prod.com\/fr\/wp-json\/wp\/v2\/pages\/2387\/revisions\/2392"}],"wp:attachment":[{"href":"https:\/\/hbh-prod.com\/fr\/wp-json\/wp\/v2\/media?parent=2387"}],"curies":[{"name":"wp","href":"https:\/\/api.w.org\/{rel}","templated":true}]}}